{"id":335,"date":"2025-11-21T12:41:23","date_gmt":"2025-11-21T15:41:23","guid":{"rendered":"https:\/\/staging0.ookinidigitalmkt.com\/?page_id=335"},"modified":"2025-11-21T12:46:39","modified_gmt":"2025-11-21T15:46:39","slug":"politica-de-privacidade","status":"publish","type":"page","link":"https:\/\/staging0.ookinidigitalmkt.com\/?page_id=335","title":{"rendered":"Pol\u00edtica de Privacidade"},"content":{"rendered":"\t\t<div data-elementor-type=\"wp-page\" data-elementor-id=\"335\" class=\"elementor elementor-335\" data-elementor-post-type=\"page\">\n\t\t\t\t<div class=\"elementor-element elementor-element-3f1694f9 e-flex e-con-boxed e-con e-parent\" data-id=\"3f1694f9\" data-element_type=\"container\" data-settings=\"{&quot;background_background&quot;:&quot;classic&quot;}\">\n\t\t\t\t\t<div class=\"e-con-inner\">\n\t\t<div class=\"elementor-element elementor-element-729290dd e-flex e-con-boxed e-con e-child\" data-id=\"729290dd\" data-element_type=\"container\">\n\t\t\t\t\t<div class=\"e-con-inner\">\n\t\t\t\t<div class=\"elementor-element elementor-element-1a750781 elementor-widget elementor-widget-heading\" data-id=\"1a750781\" data-element_type=\"widget\" data-widget_type=\"heading.default\">\n\t\t\t\t\t<h1 class=\"elementor-heading-title elementor-size-default\">Pol\u00edtica de Privacidade<\/h1>\t\t\t\t<\/div>\n\t\t\t\t\t<\/div>\n\t\t\t\t<\/div>\n\t\t\t\t\t<\/div>\n\t\t\t\t<\/div>\n\t\t<div class=\"elementor-element elementor-element-4f61c7c e-flex e-con-boxed e-con e-parent\" data-id=\"4f61c7c\" data-element_type=\"container\">\n\t\t\t\t\t<div class=\"e-con-inner\">\n\t\t\t\t<div class=\"elementor-element elementor-element-7485c0b elementor-widget elementor-widget-text-editor\" data-id=\"7485c0b\" data-element_type=\"widget\" data-widget_type=\"text-editor.default\">\n\t\t\t\t\t\t\t\t\t<p>Esta Pol\u00edtica de Privacidade tem como objetivo explicar de forma clara como os dados pessoais dos usu\u00e1rios s\u00e3o coletados, utilizados, armazenados e protegidos no site da Dra. Mariana Alves, seguindo integralmente as diretrizes da Lei Geral de Prote\u00e7\u00e3o de Dados Pessoais (LGPD \u2013 Lei n\u00ba 13.709\/2018). Ao utilizar o site, o usu\u00e1rio reconhece e aceita as pr\u00e1ticas descritas nesta pol\u00edtica.<\/p><p>Os dados pessoais podem ser coletados de duas formas: quando o pr\u00f3prio usu\u00e1rio os fornece voluntariamente por meio de formul\u00e1rios de contato ou agendamento \u2014 como nome, e-mail, telefone e informa\u00e7\u00f5es enviadas na mensagem \u2014 e por meio de dados coletados automaticamente durante a navega\u00e7\u00e3o, como endere\u00e7o IP, p\u00e1ginas acessadas e uso de cookies. Todas essas informa\u00e7\u00f5es s\u00e3o tratadas de forma transparente e utilizadas exclusivamente para responder d\u00favidas, facilitar o agendamento de consultas, aprimorar a comunica\u00e7\u00e3o, enviar informa\u00e7\u00f5es relevantes sobre o atendimento e melhorar a experi\u00eancia do usu\u00e1rio no site. Em nenhuma circunst\u00e2ncia os dados s\u00e3o utilizados para finalidades diferentes das aqui apresentadas.<\/p><p>Os dados pessoais n\u00e3o s\u00e3o vendidos ou repassados a terceiros. O compartilhamento s\u00f3 ocorre quando for essencial para a execu\u00e7\u00e3o de servi\u00e7os relacionados ao atendimento m\u00e9dico ou quando exigido para cumprimento de obriga\u00e7\u00f5es legais ou determina\u00e7\u00f5es judiciais. Em qualquer situa\u00e7\u00e3o, o processo \u00e9 conduzido com seguran\u00e7a e restri\u00e7\u00e3o de acesso.<\/p><p>As informa\u00e7\u00f5es coletadas s\u00e3o armazenadas em ambiente seguro e protegido por medidas t\u00e9cnicas e administrativas destinadas a prevenir acessos n\u00e3o autorizados, vazamentos, uso indevido ou qualquer forma de tratamento inadequado dos dados. Em conformidade com a LGPD, o usu\u00e1rio tem o direito de solicitar acesso, corre\u00e7\u00e3o, atualiza\u00e7\u00e3o, exclus\u00e3o de dados pessoais, bem como revogar consentimento ou solicitar informa\u00e7\u00f5es sobre o tratamento realizado. Para exercer qualquer um desses direitos, basta entrar em contato pelos canais dispon\u00edveis no site.<\/p><p>O site pode utilizar cookies para melhorar a navega\u00e7\u00e3o e personalizar a experi\u00eancia do usu\u00e1rio. Caso deseje, o visitante pode desativar o uso de cookies diretamente nas configura\u00e7\u00f5es do seu navegador. Os dados pessoais coletados s\u00e3o mantidos apenas pelo per\u00edodo necess\u00e1rio para atender \u00e0s finalidades descritas ou conforme prazos exigidos pela legisla\u00e7\u00e3o vigente.<\/p><p>Esta Pol\u00edtica de Privacidade poder\u00e1 ser atualizada ocasionalmente para refletir melhorias nos processos ou adequa\u00e7\u00f5es legais. A data da \u00faltima atualiza\u00e7\u00e3o estar\u00e1 sempre dispon\u00edvel ao final deste documento. Para d\u00favidas relacionadas \u00e0 privacidade ou ao tratamento de dados pessoais, o usu\u00e1rio pode entrar em contato pelo e-mail: **[contato@dramarianaalves.com](mailto:contato@dramarianaalves.com)** *(e-mail fict\u00edcio, ajuste conforme necess\u00e1rio).*<\/p><p>**\u00daltima atualiza\u00e7\u00e3o: Novembro\/2025**<\/p>\t\t\t\t\t\t\t\t<\/div>\n\t\t\t\t\t<\/div>\n\t\t\t\t<\/div>\n\t\t\t\t<\/div>\n\t\t","protected":false},"excerpt":{"rendered":"<p>Esta Pol\u00edtica de Privacidade tem como objetivo explicar de forma clara como os dados pessoais dos usu\u00e1rios s\u00e3o coletados, utilizados, armazenados e protegidos no site da Dra. Mariana Alves, seguindo integralmente as diretrizes da Lei Geral de Prote\u00e7\u00e3o de Dados Pessoais (LGPD \u2013 Lei n\u00ba 13.709\/2018). Ao utilizar o site, o usu\u00e1rio reconhece e aceita [&hellip;]<\/p>\n","protected":false},"author":1,"featured_media":0,"parent":0,"menu_order":0,"comment_status":"closed","ping_status":"closed","template":"","meta":{"footnotes":""},"class_list":["post-335","page","type-page","status-publish","hentry"],"_hostinger_reach_plugin_has_subscription_block":false,"_hostinger_reach_plugin_is_elementor":false,"_links":{"self":[{"href":"https:\/\/staging0.ookinidigitalmkt.com\/index.php?rest_route=\/wp\/v2\/pages\/335","targetHints":{"allow":["GET"]}}],"collection":[{"href":"https:\/\/staging0.ookinidigitalmkt.com\/index.php?rest_route=\/wp\/v2\/pages"}],"about":[{"href":"https:\/\/staging0.ookinidigitalmkt.com\/index.php?rest_route=\/wp\/v2\/types\/page"}],"author":[{"embeddable":true,"href":"https:\/\/staging0.ookinidigitalmkt.com\/index.php?rest_route=\/wp\/v2\/users\/1"}],"replies":[{"embeddable":true,"href":"https:\/\/staging0.ookinidigitalmkt.com\/index.php?rest_route=%2Fwp%2Fv2%2Fcomments&post=335"}],"version-history":[{"count":4,"href":"https:\/\/staging0.ookinidigitalmkt.com\/index.php?rest_route=\/wp\/v2\/pages\/335\/revisions"}],"predecessor-version":[{"id":341,"href":"https:\/\/staging0.ookinidigitalmkt.com\/index.php?rest_route=\/wp\/v2\/pages\/335\/revisions\/341"}],"wp:attachment":[{"href":"https:\/\/staging0.ookinidigitalmkt.com\/index.php?rest_route=%2Fwp%2Fv2%2Fmedia&parent=335"}],"curies":[{"name":"wp","href":"https:\/\/api.w.org\/{rel}","templated":true}]}}